{"id":84,"date":"2011-09-01T21:46:14","date_gmt":"2011-09-01T21:46:14","guid":{"rendered":"http:\/\/www.avesnieres.org\/?page_id=84"},"modified":"2022-06-27T14:34:36","modified_gmt":"2022-06-27T14:34:36","slug":"accompagnement-a-la-scolarite-suite","status":"publish","type":"page","link":"http:\/\/www.avesnieres.org\/?page_id=84","title":{"rendered":"Accompagnement \u00e0 la scolarit\u00e9 (suite)"},"content":{"rendered":"<p><strong><em>C<\/em>es temps de formation ont \u00e9t\u00e9 programm\u00e9s \u00e0 l&rsquo;initiative du Comit\u00e9 de pilotage D\u00e9partemental du CLAS.<\/strong><\/p>\n<p><strong><em>P<\/em><\/strong>lusieurs ateliers composent cette activit\u00e9:<\/p>\n<p>&#8211; L&rsquo;aide aux devoirs,<\/p>\n<p>&#8211; L&rsquo;informatique qui aborde l&rsquo;utilisation, sous forme ludique, de logiciels adapt\u00e9s au niveau scolaire de chaque enfant,<\/p>\n<p>&#8211; Des ateliers autour du livre et du jeu,<\/p>\n<p>&#8211; Les s\u00e9ances du Conseil Jeunes Citoyens qui se tiennent un mardi sur deux \u00e0 la Maison de Quartier et qui regroupent ces enfants des \u00e9coles, de l&rsquo;Accueil de Loisirs et du CLAS. Ces enfants sont des repr\u00e9sentants et r\u00e9fl\u00e9chissent \u00e0 des actions r\u00e9alisables au regard des probl\u00e8mes rencontr\u00e9s par les enfants du quartier.<\/p>\n<p><strong><em>T<\/em><\/strong>ous ces ateliers, port\u00e9s par le CAVAA, sont organis\u00e9s en partenariat avec:<\/p>\n<p>&#8211; La Maison de Quartier,- L&rsquo;Accueil de Loisirs,- La Ludoth\u00e8que,- Les Ecoles du quartier.<\/p>\n<p><strong> Les&nbsp; inscriptions se font en accord avec les \u00e9quipes enseignantes.<\/strong><\/p>\n<p><strong><em>C<\/em><\/strong>ette ann\u00e9e, une nouveaut\u00e9 de poids: un coordinateur est invit\u00e9 par l&rsquo;\u00e9cole pour assister \u00e0 des r\u00e9unions d&rsquo;orientation d&rsquo;enfants rencontrant des difficult\u00e9s particuli\u00e8res. C&rsquo;est un progr\u00e8s consid\u00e9rable en terme de partenariat voire de travail en r\u00e9seau.<\/p>\n<p><strong><em>E<\/em><\/strong>n terme d&rsquo;ouverture culturelle, nous ne sommes pas en restes puisque nous proposons sorties culturelles au th\u00e9\u00e2tre, au cin\u00e9ma, \u00e0 diff\u00e9rentes expositions.<\/p>\n<p>&#8211; Un camp au Centre Equestre du Roc au Loup a \u00e9t\u00e9 propos\u00e9&nbsp; \u00e0 16 enfants du 26 au 29 avril. La th\u00e9matique de ce camp a \u00e9t\u00e9 l&rsquo;\u00e9quitation et la vie quotidienne avec un grand V.<\/p>\n<p><strong><em>L<\/em><\/strong>e financement&nbsp; est assur\u00e9 par des organismes institutionnels, partenaires privil\u00e9gi\u00e9s de cette activit\u00e9 : la CAF, le Conseil G\u00e9n\u00e9ral, la Ville de Laval, l&rsquo;ACSE ( Agence pour la Coh\u00e9sion Sociale et l&rsquo;Egalit\u00e9 des chances.)<\/p>\n","protected":false},"excerpt":{"rendered":"<p>Ces temps de formation ont \u00e9t\u00e9 programm\u00e9s \u00e0 l&rsquo;initiative du Comit\u00e9 de pilotage D\u00e9partemental du CLAS. Plusieurs ateliers composent cette activit\u00e9: &#8211; L&rsquo;aide aux devoirs, &#8211; L&rsquo;informatique qui aborde l&rsquo;utilisation, sous forme ludique, de logiciels adapt\u00e9s au niveau scolaire de chaque enfant, &#8211; Des ateliers autour du livre et du jeu, &#8211; Les s\u00e9ances du [&hellip;]<\/p>\n","protected":false},"author":1,"featured_media":0,"parent":0,"menu_order":0,"comment_status":"closed","ping_status":"closed","template":"","meta":{"ngg_post_thumbnail":0},"_links":{"self":[{"href":"http:\/\/www.avesnieres.org\/index.php?rest_route=\/wp\/v2\/pages\/84"}],"collection":[{"href":"http:\/\/www.avesnieres.org\/index.php?rest_route=\/wp\/v2\/pages"}],"about":[{"href":"http:\/\/www.avesnieres.org\/index.php?rest_route=\/wp\/v2\/types\/page"}],"author":[{"embeddable":true,"href":"http:\/\/www.avesnieres.org\/index.php?rest_route=\/wp\/v2\/users\/1"}],"replies":[{"embeddable":true,"href":"http:\/\/www.avesnieres.org\/index.php?rest_route=%2Fwp%2Fv2%2Fcomments&post=84"}],"version-history":[{"count":3,"href":"http:\/\/www.avesnieres.org\/index.php?rest_route=\/wp\/v2\/pages\/84\/revisions"}],"predecessor-version":[{"id":1707,"href":"http:\/\/www.avesnieres.org\/index.php?rest_route=\/wp\/v2\/pages\/84\/revisions\/1707"}],"wp:attachment":[{"href":"http:\/\/www.avesnieres.org\/index.php?rest_route=%2Fwp%2Fv2%2Fmedia&parent=84"}],"curies":[{"name":"wp","href":"https:\/\/api.w.org\/{rel}","templated":true}]}}