{"id":77,"date":"2011-09-01T21:36:51","date_gmt":"2011-09-01T21:36:51","guid":{"rendered":"http:\/\/www.avesnieres.org\/?page_id=77"},"modified":"2024-04-15T08:15:54","modified_gmt":"2024-04-15T08:15:54","slug":"77-2","status":"publish","type":"page","link":"http:\/\/www.avesnieres.org\/?page_id=77","title":{"rendered":"CONTRAT LOCAL D&rsquo;AIDE A LA SCOLARITE"},"content":{"rendered":"<h4><strong><em>1- <u>CONTRAT LOCAL D&rsquo;AIDE A LA SCOLARITE<\/u><\/em><\/strong><\/h4>\n<p class=\"font_7\">Deux groupes de 12 enfants&nbsp; des deux \u00e9coles primaires du quartier sont<\/p>\n<p class=\"font_7\">r\u00e9guli\u00e8rement inscrits \u00e0 cet atelier depuis sa cr\u00e9ation.<img loading=\"lazy\" class=\"alignright size-full wp-image-80\" title=\"Post scolaire\" src=\"http:\/\/www.avesnieres.org\/wp-content\/uploads\/2011\/09\/Post-scolaire.jpg\" alt=\"\" width=\"232\" height=\"182\" srcset=\"http:\/\/www.avesnieres.org\/wp-content\/uploads\/2011\/09\/Post-scolaire.jpg 232w, http:\/\/www.avesnieres.org\/wp-content\/uploads\/2011\/09\/Post-scolaire-150x117.jpg 150w\" sizes=\"(max-width: 232px) 100vw, 232px\" \/><\/p>\n<p class=\"font_7\">Cette activit\u00e9 qui se d\u00e9roule les lundis, mardis, jeudis et vendredis<\/p>\n<p class=\"font_7\">de 15h30 \u00e0 17h30 est encadr\u00e9e par:<\/p>\n<p class=\"font_8\">\u2013 2 animateurs<\/p>\n<p class=\"font_8\">\u2013 1 vacataire-<\/p>\n<p class=\"font_8\">&#8211; 1 contrat service civique&nbsp;<\/p>\n<p class=\"font_8\">\u2013 9 b\u00e9n\u00e9voles, \u00e0 l\u2019investissement toujours croissant, qui forment une v\u00e9ritable \u00e9quipe avec les animateurs .&nbsp;Des formations sont propos\u00e9es&nbsp; aux b\u00e9n\u00e9voles pour r\u00e9fl\u00e9chir au r\u00f4le et \u00e0 la place de chacun.<\/p>\n<p>Dans ce lieu les enfants peuvent faire leur devoirs mais partagent aussi des activit\u00e9s tels que bricolage, piscine, d\u00e9couverte des monuments du quartier, sorties &#8230;&#8230;. La parentalit\u00e9 est aussi au coeur de ce dispositif avec rencontre des parents, participation aux sorties, aux go\u00fbters&#8230;.<\/p>\n<p>&nbsp;<\/p>\n<p><a href=\"http:\/\/www.avesnieres.org\/?page_id=84\"><img loading=\"lazy\" class=\"alignleft size-full wp-image-86\" title=\"iinfo\" src=\"http:\/\/www.avesnieres.org\/wp-content\/uploads\/2011\/09\/iinfo.gif\" alt=\"\" width=\"40\" height=\"40\"><\/a><\/p>\n<p><a href=\"http:\/\/www.avesnieres.org\/?page_id=84\">Infos Compl\u00e9mentaires<\/a><\/p>\n<p>&nbsp;<\/p>\n<p>&nbsp;<\/p>\n","protected":false},"excerpt":{"rendered":"<p>1- CONTRAT LOCAL D&rsquo;AIDE A LA SCOLARITE Deux groupes de 12 enfants&nbsp; des deux \u00e9coles primaires du quartier sont r\u00e9guli\u00e8rement inscrits \u00e0 cet atelier depuis sa cr\u00e9ation. Cette activit\u00e9 qui se d\u00e9roule les lundis, mardis, jeudis et vendredis de 15h30 \u00e0 17h30 est encadr\u00e9e par: \u2013 2 animateurs \u2013 1 vacataire- &#8211; 1 contrat service [&hellip;]<\/p>\n","protected":false},"author":1,"featured_media":0,"parent":0,"menu_order":0,"comment_status":"closed","ping_status":"closed","template":"","meta":{"ngg_post_thumbnail":0},"_links":{"self":[{"href":"http:\/\/www.avesnieres.org\/index.php?rest_route=\/wp\/v2\/pages\/77"}],"collection":[{"href":"http:\/\/www.avesnieres.org\/index.php?rest_route=\/wp\/v2\/pages"}],"about":[{"href":"http:\/\/www.avesnieres.org\/index.php?rest_route=\/wp\/v2\/types\/page"}],"author":[{"embeddable":true,"href":"http:\/\/www.avesnieres.org\/index.php?rest_route=\/wp\/v2\/users\/1"}],"replies":[{"embeddable":true,"href":"http:\/\/www.avesnieres.org\/index.php?rest_route=%2Fwp%2Fv2%2Fcomments&post=77"}],"version-history":[{"count":10,"href":"http:\/\/www.avesnieres.org\/index.php?rest_route=\/wp\/v2\/pages\/77\/revisions"}],"predecessor-version":[{"id":1830,"href":"http:\/\/www.avesnieres.org\/index.php?rest_route=\/wp\/v2\/pages\/77\/revisions\/1830"}],"wp:attachment":[{"href":"http:\/\/www.avesnieres.org\/index.php?rest_route=%2Fwp%2Fv2%2Fmedia&parent=77"}],"curies":[{"name":"wp","href":"https:\/\/api.w.org\/{rel}","templated":true}]}}