{"id":44,"date":"2014-05-19T03:08:04","date_gmt":"2014-05-19T03:08:04","guid":{"rendered":"http:\/\/www.avesnieres.org\/?page_id=44"},"modified":"2022-09-29T14:52:42","modified_gmt":"2022-09-29T14:52:42","slug":"les-benevoles","status":"publish","type":"page","link":"http:\/\/www.avesnieres.org\/?page_id=44","title":{"rendered":"Les B\u00e9n\u00e9voles"},"content":{"rendered":"<p>&nbsp;<\/p>\n<p><strong>MEMBRES DU BUREAU (suite \u00e0 l&rsquo;assembl\u00e9e g\u00e9n\u00e9rale)<\/strong><\/p>\n<p>Pr\u00e9sidente &#8230;&#8230;&#8230;&#8230;&#8230;&#8230;&#8230;&#8230;&#8230;&#8230;&#8230;&#8230;M.A MACQUAIRE<\/p>\n<p>Vice pr\u00e9sident &#8230;&#8230;&#8230;&#8230;&#8230;&#8230;&#8230;&#8230;&#8230;&#8230;.J.C. FRANCOIS<\/p>\n<p>Tr\u00e9sori\u00e8re &#8230;&#8230;&#8230;&#8230;&#8230;&#8230;&#8230;&#8230;&#8230;&#8230;&#8230;&#8230;..B. LEGROS<\/p>\n<p>Secr\u00e9taire&#8230;&#8230;&#8230;&#8230;&#8230;&#8230;&#8230;&#8230;&#8230;&#8230;&#8230;&#8230;&#8230;V. LACROIX<\/p>\n<p>Secr\u00e9taire adjointe&#8230;&#8230;&#8230;&#8230;&#8230;&#8230;&#8230;&#8230;.F. DALIBARD<\/p>\n<p>Membres :&nbsp; O. LECOMTE,&nbsp; C. HUARD, A. FRANCOIS, P. GUIBERT.<\/p>\n<p>&nbsp;<\/p>\n<p><strong>MEMBRES ELUS DU CONSEIL D&rsquo;ADMINISTRATION:&nbsp;<\/strong><\/p>\n<p>M.A. Macquaire, Christine Huard, V\u00e9ronique Lacroix, Francine Dalibard, Jean-Claude Fran\u00e7ois, Bernadette Legros, Pierrette Guibert, Annick Thuault, Annick Fran\u00e7ois.<\/p>\n<p><strong>MEMBRES DESIGNE&nbsp; PAR UNE ASSOCIATION:<\/strong><\/p>\n<p>Raymonde M\u00e9nager (le Tertre)<\/p>\n<p><strong>MEMBRES DESIGNES PAR UNE ACTIVITE:&nbsp;<\/strong><\/p>\n<p>Jocelyne Mouzer( activit\u00e9 manuelle)<\/p>\n<p>Jean-yves Guilleux et G\u00e9rard Renault (randonn\u00e9e)<\/p>\n<p>&nbsp;<\/p>\n<p>&nbsp;<\/p>\n\n\n<p><\/p>\n","protected":false},"excerpt":{"rendered":"<p>&nbsp; MEMBRES DU BUREAU (suite \u00e0 l&rsquo;assembl\u00e9e g\u00e9n\u00e9rale) Pr\u00e9sidente &#8230;&#8230;&#8230;&#8230;&#8230;&#8230;&#8230;&#8230;&#8230;&#8230;&#8230;&#8230;M.A MACQUAIRE Vice pr\u00e9sident &#8230;&#8230;&#8230;&#8230;&#8230;&#8230;&#8230;&#8230;&#8230;&#8230;.J.C. FRANCOIS Tr\u00e9sori\u00e8re &#8230;&#8230;&#8230;&#8230;&#8230;&#8230;&#8230;&#8230;&#8230;&#8230;&#8230;&#8230;..B. LEGROS Secr\u00e9taire&#8230;&#8230;&#8230;&#8230;&#8230;&#8230;&#8230;&#8230;&#8230;&#8230;&#8230;&#8230;&#8230;V. LACROIX Secr\u00e9taire adjointe&#8230;&#8230;&#8230;&#8230;&#8230;&#8230;&#8230;&#8230;.F. DALIBARD Membres :&nbsp; O. LECOMTE,&nbsp; C. HUARD, A. FRANCOIS, P. GUIBERT. &nbsp; MEMBRES ELUS DU CONSEIL D&rsquo;ADMINISTRATION:&nbsp; M.A. Macquaire, Christine Huard, V\u00e9ronique Lacroix, Francine Dalibard, Jean-Claude Fran\u00e7ois, Bernadette Legros, Pierrette Guibert, Annick Thuault, [&hellip;]<\/p>\n","protected":false},"author":1,"featured_media":0,"parent":0,"menu_order":20,"comment_status":"closed","ping_status":"closed","template":"","meta":{"ngg_post_thumbnail":0},"_links":{"self":[{"href":"http:\/\/www.avesnieres.org\/index.php?rest_route=\/wp\/v2\/pages\/44"}],"collection":[{"href":"http:\/\/www.avesnieres.org\/index.php?rest_route=\/wp\/v2\/pages"}],"about":[{"href":"http:\/\/www.avesnieres.org\/index.php?rest_route=\/wp\/v2\/types\/page"}],"author":[{"embeddable":true,"href":"http:\/\/www.avesnieres.org\/index.php?rest_route=\/wp\/v2\/users\/1"}],"replies":[{"embeddable":true,"href":"http:\/\/www.avesnieres.org\/index.php?rest_route=%2Fwp%2Fv2%2Fcomments&post=44"}],"version-history":[{"count":14,"href":"http:\/\/www.avesnieres.org\/index.php?rest_route=\/wp\/v2\/pages\/44\/revisions"}],"predecessor-version":[{"id":1724,"href":"http:\/\/www.avesnieres.org\/index.php?rest_route=\/wp\/v2\/pages\/44\/revisions\/1724"}],"wp:attachment":[{"href":"http:\/\/www.avesnieres.org\/index.php?rest_route=%2Fwp%2Fv2%2Fmedia&parent=44"}],"curies":[{"name":"wp","href":"https:\/\/api.w.org\/{rel}","templated":true}]}}