{"id":42,"date":"2011-07-19T03:07:41","date_gmt":"2011-07-19T03:07:41","guid":{"rendered":"http:\/\/www.avesnieres.org\/?page_id=42"},"modified":"2022-06-24T13:14:00","modified_gmt":"2022-06-24T13:14:00","slug":"notre-action","status":"publish","type":"page","link":"http:\/\/www.avesnieres.org\/?page_id=42","title":{"rendered":"Notre Action"},"content":{"rendered":"<p>&nbsp;<\/p>\n<h4><a href=\"http:\/\/www.avesnieres.org\/wp-content\/uploads\/2011\/07\/Maison-de-quartier-001-320x200.jpg\"><img loading=\"lazy\" class=\"alignleft size-full wp-image-59\" title=\"Maison de quartier\" src=\"http:\/\/www.avesnieres.org\/wp-content\/uploads\/2011\/07\/Maison-de-quartier-001-320x200.jpg\" alt=\"\" width=\"300\" height=\"200\" srcset=\"http:\/\/www.avesnieres.org\/wp-content\/uploads\/2011\/07\/Maison-de-quartier-001-320x200.jpg 300w, http:\/\/www.avesnieres.org\/wp-content\/uploads\/2011\/07\/Maison-de-quartier-001-320x200-150x100.jpg 150w\" sizes=\"(max-width: 300px) 100vw, 300px\" \/><\/a><strong>Le mot de la Pr\u00e9sidente,<\/strong><\/h4>\n<p style=\"text-align: justify;\"><span style=\"color: #ffffff;\">Depuis 1988, date de sa cr\u00e9ation, le comit\u00e9 d\u2019animation vivre autour d\u2019Avesni\u00e8res, oeuvre pour apporter aux habitants du grand quartier d\u2019Avesni\u00e8res, un meilleur cadre de vie, des activit\u00e9s et des animations \u00e0 leur porte, en collaboration avec la maison de quartier et les nombreux partenariats qu\u2019il a su mettre en place.<\/span><\/p>\n<p style=\"text-align: justify;\"><span style=\"color: #ffffff;\">&nbsp;Le CAVAA, c\u2019est aussi de nombreuses animations propos\u00e9es tout au long de l\u2019ann\u00e9e, (sorties culturelles, voyages, th\u00e9\u00e2tre, cin\u00e9ma ), des temps forts comme la semaine festive, le spectacle de No\u00ebl, la participation au Forum des associations et aux actions conjointes de l&rsquo;UCAL&#8230;&#8230;<\/span><\/p>\n<p style=\"text-align: justify;\"><span style=\"color: #ffffff;\">Toutes ces animations n\u2019ont qu\u2019un seul but : favoriser l\u2019acc\u00e8s \u00e0 la culture, rompre l\u2019isolement, tisser des liens entre les diff\u00e9rentes g\u00e9n\u00e9rations et \u00eelots pour permettre \u00e9change et convivialit\u00e9.<\/span><\/p>\n<p style=\"text-align: justify;\"><span style=\"color: #ffffff;\">N\u2019h\u00e9sitez pas \u00e0 feuilleter la plaquette de rentr\u00e9e qui vous est distribu\u00e9e en septembre, vous trouverez s\u00fbrement dans ces pages, une activit\u00e9 qui vous conviendra. Ne dit-on pas : \u00abAU CAVAA, UNE ACTIVIT\u00c9 VOUS VA\u00bb<\/span><\/p>\n<p style=\"text-align: right;\"><span style=\"color: #ffffff;\">La Pr\u00e9sidente du comit\u00e9 d\u2019animation<\/span><br \/>\n<span style=\"color: #ffffff;\">Marie-Annick Macquaire<\/span><\/p>\n","protected":false},"excerpt":{"rendered":"<p>&nbsp; Le mot de la Pr\u00e9sidente, Depuis 1988, date de sa cr\u00e9ation, le comit\u00e9 d\u2019animation vivre autour d\u2019Avesni\u00e8res, oeuvre pour apporter aux habitants du grand quartier d\u2019Avesni\u00e8res, un meilleur cadre de vie, des activit\u00e9s et des animations \u00e0 leur porte, en collaboration avec la maison de quartier et les nombreux partenariats qu\u2019il a su mettre [&hellip;]<\/p>\n","protected":false},"author":1,"featured_media":0,"parent":0,"menu_order":10,"comment_status":"closed","ping_status":"closed","template":"","meta":{"ngg_post_thumbnail":0},"_links":{"self":[{"href":"http:\/\/www.avesnieres.org\/index.php?rest_route=\/wp\/v2\/pages\/42"}],"collection":[{"href":"http:\/\/www.avesnieres.org\/index.php?rest_route=\/wp\/v2\/pages"}],"about":[{"href":"http:\/\/www.avesnieres.org\/index.php?rest_route=\/wp\/v2\/types\/page"}],"author":[{"embeddable":true,"href":"http:\/\/www.avesnieres.org\/index.php?rest_route=\/wp\/v2\/users\/1"}],"replies":[{"embeddable":true,"href":"http:\/\/www.avesnieres.org\/index.php?rest_route=%2Fwp%2Fv2%2Fcomments&post=42"}],"version-history":[{"count":8,"href":"http:\/\/www.avesnieres.org\/index.php?rest_route=\/wp\/v2\/pages\/42\/revisions"}],"predecessor-version":[{"id":1678,"href":"http:\/\/www.avesnieres.org\/index.php?rest_route=\/wp\/v2\/pages\/42\/revisions\/1678"}],"wp:attachment":[{"href":"http:\/\/www.avesnieres.org\/index.php?rest_route=%2Fwp%2Fv2%2Fmedia&parent=42"}],"curies":[{"name":"wp","href":"https:\/\/api.w.org\/{rel}","templated":true}]}}