{"id":136,"date":"2011-09-01T23:05:19","date_gmt":"2011-09-01T23:05:19","guid":{"rendered":"http:\/\/www.avesnieres.org\/?page_id=136"},"modified":"2022-06-27T14:30:34","modified_gmt":"2022-06-27T14:30:34","slug":"location-de-materiel-de-bricolage","status":"publish","type":"page","link":"http:\/\/www.avesnieres.org\/?page_id=136","title":{"rendered":"Tarifs location mat\u00e9riels"},"content":{"rendered":"\n<figure class=\"wp-block-image size-large\"><a href=\"http:\/\/www.avesnieres.org\/wp-content\/uploads\/2022\/06\/Sans-titre-2.png\"><img loading=\"lazy\" width=\"724\" height=\"1024\" src=\"http:\/\/www.avesnieres.org\/wp-content\/uploads\/2022\/06\/Sans-titre-2-724x1024.png\" alt=\"\" class=\"wp-image-1703\" srcset=\"http:\/\/www.avesnieres.org\/wp-content\/uploads\/2022\/06\/Sans-titre-2-724x1024.png 724w, http:\/\/www.avesnieres.org\/wp-content\/uploads\/2022\/06\/Sans-titre-2-212x300.png 212w, http:\/\/www.avesnieres.org\/wp-content\/uploads\/2022\/06\/Sans-titre-2-768x1086.png 768w, http:\/\/www.avesnieres.org\/wp-content\/uploads\/2022\/06\/Sans-titre-2-1086x1536.png 1086w, http:\/\/www.avesnieres.org\/wp-content\/uploads\/2022\/06\/Sans-titre-2-1200x1697.png 1200w, http:\/\/www.avesnieres.org\/wp-content\/uploads\/2022\/06\/Sans-titre-2.png 1414w\" sizes=\"(max-width: 724px) 100vw, 724px\" \/><\/a><\/figure>\n\n\n\n<div class=\"wp-container-1 wp-block-group\"><div class=\"wp-block-group__inner-container\">\n<div class=\"wp-block-columns\">\n<div class=\"wp-block-column\" style=\"flex-basis:100%\">\n<div class=\"wp-block-columns\">\n<div class=\"wp-block-column is-vertically-aligned-center\" style=\"flex-basis:100%\">\n<div class=\"wp-block-columns\">\n<div class=\"wp-block-column\" style=\"flex-basis:100%\">\n<figure class=\"wp-block-table is-style-regular\"><table><tbody><tr><td class=\"has-text-align-center\" data-align=\"center\"><strong>D\u00e9signation de l&rsquo;outillage<\/strong><\/td><td class=\"has-text-align-center\" data-align=\"center\"><strong>Cautio<\/strong>n<\/td><td class=\"has-text-align-center\" data-align=\"center\"><strong>Forfait<\/strong><br><strong>journ\u00e9e<\/strong>  <\/td><td class=\"has-text-align-center\" data-align=\"center\"><strong>Forfait semaine<\/strong><\/td><td class=\"has-text-align-center\" data-align=\"center\"><strong>Forfait<\/strong>&nbsp;<br><strong>week-end<\/strong><\/td><\/tr><tr><td class=\"has-text-align-center\" data-align=\"center\">Outillage<\/td><\/tr><tr><td class=\"has-text-align-center\" data-align=\"center\">Agrafeuse \u00e9lectrique (sans agrafe)<\/td><td class=\"has-text-align-center\" data-align=\"center\">18,50 \u20ac<\/td><td class=\"has-text-align-center\" data-align=\"center\"><\/td><td class=\"has-text-align-center\" data-align=\"center\">3,00\u20ac<\/td><td class=\"has-text-align-center\" data-align=\"center\">3,00 \u20ac<\/td><\/tr><tr><td class=\"has-text-align-center\" data-align=\"center\">Carrelette<\/td><td class=\"has-text-align-center\" data-align=\"center\">18,50 \u20ac<\/td><td class=\"has-text-align-center\" data-align=\"center\"><\/td><td class=\"has-text-align-center\" data-align=\"center\">3,50 \u20ac<\/td><td class=\"has-text-align-center\" data-align=\"center\">3,50 \u20ac<\/td><\/tr><tr><td class=\"has-text-align-center\" data-align=\"center\">D\u00e9capeur thermique<\/td><td class=\"has-text-align-center\" data-align=\"center\">18,50 \u20ac<\/td><td class=\"has-text-align-center\" data-align=\"center\"><\/td><td class=\"has-text-align-center\" data-align=\"center\">2,00 \u20ac<\/td><td class=\"has-text-align-center\" data-align=\"center\">2,00 \u20ac<\/td><\/tr><tr><td class=\"has-text-align-center\" data-align=\"center\">D\u00e9colleuse \u00e9lectrique de papier peint<\/td><td class=\"has-text-align-center\" data-align=\"center\">18,50 \u20ac<\/td><td class=\"has-text-align-center\" data-align=\"center\"><\/td><td class=\"has-text-align-center\" data-align=\"center\">3,50 \u20ac<\/td><td class=\"has-text-align-center\" data-align=\"center\">3,50 \u20ac<\/td><\/tr><tr><td class=\"has-text-align-center\" data-align=\"center\">Machine \u00e0 couper le carrelage<\/td><td class=\"has-text-align-center\" data-align=\"center\">55,00 \u20ac<\/td><td class=\"has-text-align-center\" data-align=\"center\">4,50 \u20ac<\/td><td class=\"has-text-align-center\" data-align=\"center\"><\/td><td class=\"has-text-align-center\" data-align=\"center\">7,50 \u20ac<\/td><\/tr><tr><td class=\"has-text-align-center\" data-align=\"center\">Marteau \u00e9lectropneumatique<\/td><td class=\"has-text-align-center\" data-align=\"center\">55,00 \u20ac<\/td><td class=\"has-text-align-center\" data-align=\"center\">3,50 \u20ac<\/td><td class=\"has-text-align-center\" data-align=\"center\"><\/td><td class=\"has-text-align-center\" data-align=\"center\">7,50 \u20ac<\/td><\/tr><tr><td class=\"has-text-align-center\" data-align=\"center\">Meuleuse d&rsquo;angle (sans disque)<\/td><td class=\"has-text-align-center\" data-align=\"center\">18,50 \u20ac<\/td><td class=\"has-text-align-center\" data-align=\"center\"><\/td><td class=\"has-text-align-center\" data-align=\"center\">3,00 \u20ac<\/td><td class=\"has-text-align-center\" data-align=\"center\">3,00 \u20ac<\/td><\/tr><tr><td class=\"has-text-align-center\" data-align=\"center\">Perceuse \u00e0 main (sans for\u00eat)<\/td><td class=\"has-text-align-center\" data-align=\"center\">18,50 \u20ac<\/td><td class=\"has-text-align-center\" data-align=\"center\"><\/td><td class=\"has-text-align-center\" data-align=\"center\">3,00 \u20ac<\/td><td class=\"has-text-align-center\" data-align=\"center\">3,00 \u20ac<\/td><\/tr><tr><td class=\"has-text-align-center\" data-align=\"center\">Ponceuse \u00e0 bande (sans bande)<\/td><td class=\"has-text-align-center\" data-align=\"center\">55,00 \u20ac<\/td><td class=\"has-text-align-center\" data-align=\"center\">3,50 \u20ac<\/td><td class=\"has-text-align-center\" data-align=\"center\"><\/td><td class=\"has-text-align-center\" data-align=\"center\">7,50 \u20ac<\/td><\/tr><tr><td class=\"has-text-align-center\" data-align=\"center\">Ponceuse vibrante (sans papier)<\/td><td class=\"has-text-align-center\" data-align=\"center\">18,50 \u20ac<\/td><td class=\"has-text-align-center\" data-align=\"center\"><\/td><td class=\"has-text-align-center\" data-align=\"center\">3,00 \u20ac<\/td><td class=\"has-text-align-center\" data-align=\"center\">3,00 \u20ac<\/td><\/tr><tr><td class=\"has-text-align-center\" data-align=\"center\">Poste \u00e0 souder \u00e0 l&rsquo;arc (sans baguette)<\/td><td class=\"has-text-align-center\" data-align=\"center\">18,50 \u20ac<\/td><td class=\"has-text-align-center\" data-align=\"center\"><\/td><td class=\"has-text-align-center\" data-align=\"center\">3,50 \u20ac<\/td><td class=\"has-text-align-center\" data-align=\"center\">3,50 \u20ac<\/td><\/tr><tr><td class=\"has-text-align-center\" data-align=\"center\">Rabot \u00e9lectrique<\/td><td class=\"has-text-align-center\" data-align=\"center\">18,50 \u20ac<\/td><td class=\"has-text-align-center\" data-align=\"center\"><\/td><td class=\"has-text-align-center\" data-align=\"center\">4,50 \u20ac<\/td><td class=\"has-text-align-center\" data-align=\"center\">4,50 \u20ac<\/td><\/tr><tr><td class=\"has-text-align-center\" data-align=\"center\">Scie circulaire (sans lame)<\/td><td class=\"has-text-align-center\" data-align=\"center\">55,00 \u20ac<\/td><td class=\"has-text-align-center\" data-align=\"center\">3,50 \u20ac<\/td><td class=\"has-text-align-center\" data-align=\"center\"><\/td><td class=\"has-text-align-center\" data-align=\"center\">7,50 \u20ac<\/td><\/tr><tr><td class=\"has-text-align-center\" data-align=\"center\">Scie sauteuse<\/td><td class=\"has-text-align-center\" data-align=\"center\">18,50 \u20ac<\/td><td class=\"has-text-align-center\" data-align=\"center\"><\/td><td class=\"has-text-align-center\" data-align=\"center\">2,00 \u20ac<\/td><td class=\"has-text-align-center\" data-align=\"center\">2,00\u20ac<\/td><\/tr><tr><td class=\"has-text-align-center\" data-align=\"center\">Table \u00e0 tapisser + mat\u00e9riel (araseur\u2026)<\/td><td class=\"has-text-align-center\" data-align=\"center\">18,50 \u20ac<\/td><td class=\"has-text-align-center\" data-align=\"center\"><\/td><td class=\"has-text-align-center\" data-align=\"center\">2,00 \u20ac<\/td><td class=\"has-text-align-center\" data-align=\"center\">2,00 \u20ac<\/td><\/tr><tr><td class=\"has-text-align-center\" data-align=\"center\">Visseuse \/ d\u00e9visseuse sans fil (sans embout)<\/td><td class=\"has-text-align-center\" data-align=\"center\">18,50 \u20ac<\/td><td class=\"has-text-align-center\" data-align=\"center\"><\/td><td class=\"has-text-align-center\" data-align=\"center\">3,50 \u20ac<\/td><td class=\"has-text-align-center\" data-align=\"center\">1,50 \u20ac<\/td><\/tr><tr><td class=\"has-text-align-center\" data-align=\"center\">Mat\u00e9riel d\u2019entretien<\/td><\/tr><tr><td class=\"has-text-align-center\" data-align=\"center\">Nettoyeur \u00e0 vapeur<\/td><td class=\"has-text-align-center\" data-align=\"center\">91,50 \u20ac<\/td><td class=\"has-text-align-center\" data-align=\"center\">4,50 \u20ac<\/td><td class=\"has-text-align-center\" data-align=\"center\"><\/td><td class=\"has-text-align-center\" data-align=\"center\">7,50 \u20ac<\/td><\/tr><tr><td class=\"has-text-align-center\" data-align=\"center\">Nettoyeur haute-pression<\/td><td class=\"has-text-align-center\" data-align=\"center\">91,50 \u20ac<\/td><td class=\"has-text-align-center\" data-align=\"center\">7,50 \u20ac<\/td><td class=\"has-text-align-center\" data-align=\"center\"><\/td><td class=\"has-text-align-center\" data-align=\"center\">18,00 \u20ac<\/td><\/tr><tr><td class=\"has-text-align-center\" data-align=\"center\">Shampouineuse \u00e0 moquette (avec le produit)<\/td><td class=\"has-text-align-center\" data-align=\"center\">91,50 \u20ac<\/td><td class=\"has-text-align-center\" data-align=\"center\">7,50 \u20ac<\/td><td class=\"has-text-align-center\" data-align=\"center\"><\/td><td class=\"has-text-align-center\" data-align=\"center\">18,00 \u20ac<\/td><\/tr><\/tbody><\/table><\/figure>\n<\/div>\n<\/div>\n<\/div>\n<\/div>\n<\/div>\n<\/div>\n<\/div><\/div>\n\n\n\n<p>\ufeff<\/p>\n","protected":false},"excerpt":{"rendered":"<p>D\u00e9signation de l&rsquo;outillage Caution Forfaitjourn\u00e9e Forfait semaine Forfait&nbsp;week-end Outillage Agrafeuse \u00e9lectrique (sans agrafe) 18,50 \u20ac 3,00\u20ac 3,00 \u20ac Carrelette 18,50 \u20ac 3,50 \u20ac 3,50 \u20ac D\u00e9capeur thermique 18,50 \u20ac 2,00 \u20ac 2,00 \u20ac D\u00e9colleuse \u00e9lectrique de papier peint 18,50 \u20ac 3,50 \u20ac 3,50 \u20ac Machine \u00e0 couper le carrelage 55,00 \u20ac 4,50 \u20ac 7,50 \u20ac [&hellip;]<\/p>\n","protected":false},"author":1,"featured_media":0,"parent":0,"menu_order":0,"comment_status":"closed","ping_status":"closed","template":"page-col-2-right.php","meta":{"ngg_post_thumbnail":0},"_links":{"self":[{"href":"http:\/\/www.avesnieres.org\/index.php?rest_route=\/wp\/v2\/pages\/136"}],"collection":[{"href":"http:\/\/www.avesnieres.org\/index.php?rest_route=\/wp\/v2\/pages"}],"about":[{"href":"http:\/\/www.avesnieres.org\/index.php?rest_route=\/wp\/v2\/types\/page"}],"author":[{"embeddable":true,"href":"http:\/\/www.avesnieres.org\/index.php?rest_route=\/wp\/v2\/users\/1"}],"replies":[{"embeddable":true,"href":"http:\/\/www.avesnieres.org\/index.php?rest_route=%2Fwp%2Fv2%2Fcomments&post=136"}],"version-history":[{"count":22,"href":"http:\/\/www.avesnieres.org\/index.php?rest_route=\/wp\/v2\/pages\/136\/revisions"}],"predecessor-version":[{"id":1705,"href":"http:\/\/www.avesnieres.org\/index.php?rest_route=\/wp\/v2\/pages\/136\/revisions\/1705"}],"wp:attachment":[{"href":"http:\/\/www.avesnieres.org\/index.php?rest_route=%2Fwp%2Fv2%2Fmedia&parent=136"}],"curies":[{"name":"wp","href":"https:\/\/api.w.org\/{rel}","templated":true}]}}